{"id":35,"date":"2015-02-18T21:43:07","date_gmt":"2015-02-18T21:43:07","guid":{"rendered":"https:\/\/eglise.ressources62.fr\/?page_id=35"},"modified":"2025-02-28T13:49:16","modified_gmt":"2025-02-28T12:49:16","slug":"about","status":"publish","type":"page","link":"https:\/\/eglise.ressources62.fr\/?page_id=35","title":{"rendered":"About"},"content":{"rendered":"<div id=\"cs-content\" class=\"cs-content\"><div class=\"x-section e35-e1 mz-0 mz-1\"><div class=\"x-row x-container max width e35-e2 mz-6 mz-7 mz-8 mz-9 mz-d mz-e\"><div class=\"x-row-inner\"><div class=\"x-col e35-e3 mz-l mz-m\"><div class=\"x-text x-text-headline e35-e4 mz-r mz-s mz-t mz-u mz-v h-about p-about \"><div class=\"x-text-content\"><div class=\"x-text-content-text\"><h1 class=\"x-text-content-text-primary\">Notre mission<\/h1><span class=\"x-text-content-text-subheadline\">Nous voulons faire conna&icirc;tre <strong>l&rsquo;amour de Dieu<\/strong>, de<strong> former des disciples<\/strong> enracin&eacute;s dans la foi et d&rsquo;<strong>impacter notre communaut&eacute;<\/strong> par des actions concr&egrave;tes. <br \/>&Agrave; travers l&rsquo;<strong>adoration<\/strong>, l&rsquo;<strong>enseignement<\/strong> et la <strong>communion fraternelle<\/strong>, nous encourageons chacun &agrave; grandir spirituellement et &agrave; vivre une foi authentique qui se traduit par le service et l&rsquo;amour du prochain.<\/span><\/div><\/div><\/div><\/div><\/div><\/div><\/div><div class=\"x-section e35-e5 mz-0 mz-2 mz-3\"><div class=\"x-bg\" aria-hidden=\"true\"><div class=\"x-bg-layer-lower-image\" data-x-element-bg-layer=\"{&quot;parallaxSize&quot;:&quot;150%&quot;,&quot;parallaxDir&quot;:&quot;v&quot;,&quot;parallaxRev&quot;:true}\" style=\" background-image: url(https:\/\/eglise.ressources62.fr\/wp-content\/uploads\/2025\/01\/Terril-loos-gohelle-charbon-base-mine-jumeaux-balade.jpg); background-repeat: no-repeat; background-position: center; background-size: cover;\"><\/div><\/div><div class=\"x-row e35-e6 mz-6 mz-7 mz-9 mz-a mz-f\"><div class=\"x-row-inner\"><div class=\"x-col e35-e7 mz-l mz-n mz-o\"><div class=\"x-text x-text-headline e35-e8 mz-s mz-u mz-w mz-x mz-y\"><div class=\"x-text-content\"><div class=\"x-text-content-text\"><h1 class=\"x-text-content-text-primary\">Aimer Dieu<\/h1><span class=\"x-text-content-text-subheadline\">Nous pla&ccedil;ons l&rsquo;adoration et la c&eacute;l&eacute;bration de J&eacute;sus au centre de notre foi.<\/span><\/div><\/div><\/div><\/div><div class=\"x-col e35-e9 mz-l mz-o mz-p\"><div class=\"x-text x-text-headline e35-e10 mz-s mz-u mz-w mz-x mz-y\"><div class=\"x-text-content\"><div class=\"x-text-content-text\"><h1 class=\"x-text-content-text-primary\">Aimer mieux<\/h1><span class=\"x-text-content-text-subheadline\">Nous mettons nos dons au service des autres pour r&eacute;pandre l&rsquo;amour de Dieu.<\/span><\/div><\/div><\/div><\/div><div class=\"x-col e35-e11 mz-l mz-o mz-q\"><div class=\"x-text x-text-headline e35-e12 mz-s mz-u mz-w mz-x mz-y\"><div class=\"x-text-content\"><div class=\"x-text-content-text\"><h1 class=\"x-text-content-text-primary\">S'AIMER MIEUX<\/h1><span class=\"x-text-content-text-subheadline\">Nous grandissons spirituellement en d&eacute;couvrant notre identit&eacute; en Christ.<\/span><\/div><\/div><\/div><\/div><\/div><\/div><\/div><div class=\"x-section e35-e13 mz-0 mz-1\"><div class=\"x-row x-container max width e35-e14 mz-6 mz-7 mz-8 mz-9 mz-d mz-g\"><div class=\"x-row-inner\"><div class=\"x-col e35-e15 mz-l mz-m\"><div class=\"x-text x-text-headline e35-e16 mz-r mz-s mz-t mz-u mz-v h-about p-about \"><div class=\"x-text-content\"><div class=\"x-text-content-text\"><h1 class=\"x-text-content-text-primary\">Nos Cinq Priorit&eacute;s Spirituelles<\/h1><span class=\"x-text-content-text-subheadline\">Notre &eacute;glise s&rsquo;articule autour de cinq piliers essentiels qui guident notre foi et notre engagement.<br \/>Ils refl&egrave;tent notre mission de vivre une relation authentique avec Dieu, de grandir spirituellement et de partager son amour avec le monde. Ces cinq axes sont le fondement de notre communaut&eacute; et nous inspirent &agrave; avancer ensemble dans la foi.<\/span><\/div><\/div><\/div><\/div><\/div><\/div><div class=\"x-row x-container max width e35-e17 mz-6 mz-b mz-c mz-h mz-i\"><div class=\"x-row-inner\"><div class=\"x-col e35-e18 mz-l mz-m\"><div class=\"x-acc e35-e19 mz-11\" id=\"x-acc-e35-e19\"><div class=\"e35-e20 x-acc-item\"><button id=\"tab-e35-e20\" class=\"x-acc-header\" role=\"button\" type=\"button\" aria-expanded=\"false\" aria-controls=\"panel-e35-e20\" data-x-toggle=\"collapse\" data-x-toggleable=\"e35-e20\"><span class=\"x-acc-header-content\"><span class=\"x-acc-header-indicator\">&#43;<\/span><span class=\"x-acc-header-text\">Adoration<\/span><\/span><\/button><div id=\"panel-e35-e20\" role=\"region\" aria-hidden=\"true\" aria-labelledby=\"tab-e35-e20\" data-x-toggleable=\"e35-e20\" data-x-toggle-collapse=\"1\" class=\"x-collapsed\"><div class=\"x-acc-content\"><p>Nous nous r\u00e9unissons r\u00e9guli\u00e8rement pour adorer la personne de J\u00e9sus et c\u00e9l\u00e9brer le nom de Dieu.<br \/>\nNotre culte est un moment de connexion profonde avec Dieu, o\u00f9 nous louons et adorons ensemble.<\/p><\/div><\/div><\/div><div class=\"e35-e21 x-acc-item\"><button id=\"tab-e35-e21\" class=\"x-acc-header\" role=\"button\" type=\"button\" aria-expanded=\"false\" aria-controls=\"panel-e35-e21\" data-x-toggle=\"collapse\" data-x-toggleable=\"e35-e21\"><span class=\"x-acc-header-content\"><span class=\"x-acc-header-indicator\">&#43;<\/span><span class=\"x-acc-header-text\"><span>Discipulat<\/span><\/span><\/span><\/button><div id=\"panel-e35-e21\" role=\"region\" aria-hidden=\"true\" aria-labelledby=\"tab-e35-e21\" data-x-toggleable=\"e35-e21\" data-x-toggle-collapse=\"1\" class=\"x-collapsed\"><div class=\"x-acc-content\"><p><span>Nous attachons une grande importance \u00e0 la croissance spirituelle de chaque membre.<br \/>\n<\/span><span>Des \u00e9tudes bibliques, des groupes de pri\u00e8re et des ressources spirituelles sont mis \u00e0 disposition pour nourrir votre foi.<\/span><\/p><\/div><\/div><\/div><div class=\"e35-e22 x-acc-item\"><button id=\"tab-e35-e22\" class=\"x-acc-header\" role=\"button\" type=\"button\" aria-expanded=\"false\" aria-controls=\"panel-e35-e22\" data-x-toggle=\"collapse\" data-x-toggleable=\"e35-e22\"><span class=\"x-acc-header-content\"><span class=\"x-acc-header-indicator\">&#43;<\/span><span class=\"x-acc-header-text\"><span>Mission<\/span><\/span><\/span><\/button><div id=\"panel-e35-e22\" role=\"region\" aria-hidden=\"true\" aria-labelledby=\"tab-e35-e22\" data-x-toggleable=\"e35-e22\" data-x-toggle-collapse=\"1\" class=\"x-collapsed\"><div class=\"x-acc-content\"><p><span>Nous croyons que Dieu a un plan unique pour chaque individu.<br \/>\n<\/span><span>L'\u00e9glise offre des opportunit\u00e9s pour d\u00e9couvrir et utiliser les dons que Dieu vous a donn\u00e9s afin de servir les autres et de r\u00e9pandre son amour.<\/span><\/p><\/div><\/div><\/div><\/div><hr class=\"x-line x-hide-lg x-hide-xl e35-e23 mz-12 mz-13\"\/><\/div><div class=\"x-col e35-e24 mz-l mz-m\"><div class=\"x-acc e35-e25 mz-11\" id=\"x-acc-e35-e25\"><div class=\"e35-e26 x-acc-item\"><button id=\"tab-e35-e26\" class=\"x-acc-header\" role=\"button\" type=\"button\" aria-expanded=\"false\" aria-controls=\"panel-e35-e26\" data-x-toggle=\"collapse\" data-x-toggleable=\"e35-e26\"><span class=\"x-acc-header-content\"><span class=\"x-acc-header-indicator\">&#43;<\/span><span class=\"x-acc-header-text\"><span>Communion Fraternelle<\/span><\/span><\/span><\/button><div id=\"panel-e35-e26\" role=\"region\" aria-hidden=\"true\" aria-labelledby=\"tab-e35-e26\" data-x-toggleable=\"e35-e26\" data-x-toggle-collapse=\"1\" class=\"x-collapsed\"><div class=\"x-acc-content\"><p><span>La connexion entre les chr\u00e9tiens est essentielle pour notre soutien spirituel.<br \/>\n<\/span><span>Nous encourageons les liens amicaux, la pri\u00e8re les uns pour les autres et la cr\u00e9ation de relations solides au sein de notre \u00e9glise.<\/span><\/p><\/div><\/div><\/div><div class=\"e35-e27 x-acc-item\"><button id=\"tab-e35-e27\" class=\"x-acc-header\" role=\"button\" type=\"button\" aria-expanded=\"false\" aria-controls=\"panel-e35-e27\" data-x-toggle=\"collapse\" data-x-toggleable=\"e35-e27\"><span class=\"x-acc-header-content\"><span class=\"x-acc-header-indicator\">&#43;<\/span><span class=\"x-acc-header-text\"><span>Servir<\/span><\/span><\/span><\/button><div id=\"panel-e35-e27\" role=\"region\" aria-hidden=\"true\" aria-labelledby=\"tab-e35-e27\" data-x-toggleable=\"e35-e27\" data-x-toggle-collapse=\"1\" class=\"x-collapsed\"><div class=\"x-acc-content\"><p><span>Chacun de nous est appel\u00e9 \u00e0 servir les autres avec les dons qui lui ont \u00e9t\u00e9 accord\u00e9s.<br \/>\n<\/span><span>Nous cherchons \u00e0 \u00eatre une \u00e9glise qui se caract\u00e9rise par le service d\u00e9sint\u00e9ress\u00e9 envers notre communaut\u00e9 et le monde.<\/span><\/p><\/div><\/div><\/div><\/div><\/div><\/div><\/div><\/div><div class=\"x-section e35-e28 mz-0 mz-3 mz-4\"><div class=\"x-bg\" aria-hidden=\"true\"><div class=\"x-bg-layer-lower-image\" data-x-element-bg-layer=\"{&quot;parallaxSize&quot;:&quot;150%&quot;,&quot;parallaxDir&quot;:&quot;v&quot;,&quot;parallaxRev&quot;:true}\" style=\" background-image: url(https:\/\/eglise.ressources62.fr\/wp-content\/uploads\/2025\/01\/bg-bible-navy.jpg); background-repeat: no-repeat; background-position: center; background-size: cover;\"><\/div><\/div><div class=\"x-row e35-e29 mz-6 mz-7 mz-8 mz-9 mz-d mz-j\"><div class=\"x-row-inner\"><div class=\"x-col e35-e30 mz-l mz-m\"><div class=\"x-text x-text-headline e35-e31 mz-r mz-s mz-x mz-z\"><div class=\"x-text-content\"><div class=\"x-text-content-text\"><h1 class=\"x-text-content-text-primary\">Aimer Dieu, Aimer mieux,<br \/>s'aimer mieux<\/h1><\/div><\/div><\/div><\/div><\/div><\/div><\/div><div class=\"x-section e35-e32 mz-0 mz-1 mz-5\"><div class=\"x-row x-container max width e35-e33 mz-6 mz-7 mz-c mz-h mz-k\"><div class=\"x-row-inner\"><div class=\"x-col e35-e34 mz-l mz-m\"><div class=\"x-text x-text-headline e35-e35 mz-s mz-u mz-v mz-w mz-x mz-10\"><div class=\"x-text-content\"><div class=\"x-text-content-text\"><h1 class=\"x-text-content-text-primary\">Vous souhaitez nous rejoindre ?<\/h1><span class=\"x-text-content-text-subheadline\"><strong data-start=\"0\" data-end=\"46\" data-is-only-node=\"\">Rejoignez-nous et vivez une foi vivante !<\/strong> Que vous soyez en qu&ecirc;te de sens, en recherche spirituelle ou simplement d&eacute;sireux de grandir avec d&rsquo;autres, l&rsquo;&Eacute;glise Ressources est un lieu d&rsquo;accueil, de partage et de transformation. Venez d&eacute;couvrir l&rsquo;amour de Dieu, b&acirc;tir des relations authentiques et avancer ensemble dans la foi !<\/span><\/div><\/div><\/div><hr class=\"x-line x-hide-lg x-hide-xl e35-e36 mz-13 mz-14\"\/><\/div><div class=\"x-col e35-e37 mz-l mz-m\"><div class=\"x-anchor x-anchor-button e35-e38 mz-15\" tabindex=\"0\"><div class=\"x-anchor-content\"><div class=\"x-anchor-text\"><span class=\"x-anchor-text-primary\">Dites nous que vous nous rejoignez !<\/span><\/div><\/div><\/div><\/div><\/div><\/div><\/div><span data-x-element-responsive-text=\"{&quot;selector&quot;:&quot;.h-about .x-text-content-text-primary&quot;,&quot;compression&quot;:&quot;1.15&quot;,&quot;minFontSize&quot;:&quot;32px&quot;,&quot;maxFontSize&quot;:&quot;48px&quot;}\" class=\"e35-e39\"><\/span><span data-x-element-responsive-text=\"{&quot;selector&quot;:&quot;.p-about .x-text-content-text-subheadline&quot;,&quot;compression&quot;:&quot;2.65&quot;,&quot;minFontSize&quot;:&quot;16px&quot;,&quot;maxFontSize&quot;:&quot;21px&quot;}\" class=\"e35-e40\"><\/span><\/div>\n","protected":false},"excerpt":{"rendered":"<p>Notre missionNous voulons faire conna&icirc;tre l&rsquo;amour de Dieu, de former des disciples enracin&eacute;s dans la foi et d&rsquo;impacter notre communaut&eacute; par des actions concr&egrave;tes. &Agrave; travers l&rsquo;adoration, l&rsquo;enseignement et la communion fraternelle, nous encourageons chacun &#8230; <a href=\"https:\/\/eglise.ressources62.fr\/?page_id=35\" class=\"more-link\">Read More<\/a><\/p>\n","protected":false},"author":1,"featured_media":0,"parent":0,"menu_order":0,"comment_status":"closed","ping_status":"closed","template":"template-blank-4.php","meta":{"footnotes":""},"class_list":["post-35","page","type-page","status-publish","hentry","no-post-thumbnail"],"_links":{"self":[{"href":"https:\/\/eglise.ressources62.fr\/index.php?rest_route=\/wp\/v2\/pages\/35","targetHints":{"allow":["GET"]}}],"collection":[{"href":"https:\/\/eglise.ressources62.fr\/index.php?rest_route=\/wp\/v2\/pages"}],"about":[{"href":"https:\/\/eglise.ressources62.fr\/index.php?rest_route=\/wp\/v2\/types\/page"}],"author":[{"embeddable":true,"href":"https:\/\/eglise.ressources62.fr\/index.php?rest_route=\/wp\/v2\/users\/1"}],"replies":[{"embeddable":true,"href":"https:\/\/eglise.ressources62.fr\/index.php?rest_route=%2Fwp%2Fv2%2Fcomments&post=35"}],"version-history":[{"count":4,"href":"https:\/\/eglise.ressources62.fr\/index.php?rest_route=\/wp\/v2\/pages\/35\/revisions"}],"predecessor-version":[{"id":74,"href":"https:\/\/eglise.ressources62.fr\/index.php?rest_route=\/wp\/v2\/pages\/35\/revisions\/74"}],"wp:attachment":[{"href":"https:\/\/eglise.ressources62.fr\/index.php?rest_route=%2Fwp%2Fv2%2Fmedia&parent=35"}],"curies":[{"name":"wp","href":"https:\/\/api.w.org\/{rel}","templated":true}]}}